{"id":51,"date":"2022-04-22T21:54:18","date_gmt":"2022-04-22T21:54:18","guid":{"rendered":"https:\/\/novainclusion.com\/?page_id=51"},"modified":"2022-05-04T20:26:30","modified_gmt":"2022-05-04T20:26:30","slug":"quienes-somos","status":"publish","type":"page","link":"https:\/\/novainclusion.com\/index.php\/quienes-somos\/","title":{"rendered":"Quienes Somos"},"content":{"rendered":"\t\t<div data-elementor-type=\"wp-page\" data-elementor-id=\"51\" class=\"elementor elementor-51\">\n\t\t\t\t\t\t\t\t\t<section class=\"elementor-section elementor-top-section elementor-element elementor-element-1cde3b1 elementor-section-stretched elementor-section-boxed elementor-section-height-default elementor-section-height-default\" data-id=\"1cde3b1\" data-element_type=\"section\" data-settings=\"{&quot;stretch_section&quot;:&quot;section-stretched&quot;}\">\n\t\t\t\t\t\t<div class=\"elementor-container elementor-column-gap-default\">\n\t\t\t\t\t<div class=\"elementor-column elementor-col-50 elementor-top-column elementor-element elementor-element-923adf4\" data-id=\"923adf4\" data-element_type=\"column\">\n\t\t\t<div class=\"elementor-widget-wrap elementor-element-populated\">\n\t\t\t\t\t\t\t\t<div class=\"elementor-element elementor-element-14ef69a elementor-widget elementor-widget-image\" data-id=\"14ef69a\" data-element_type=\"widget\" data-widget_type=\"image.default\">\n\t\t\t\t<div class=\"elementor-widget-container\">\n\t\t\t<style>\/*! elementor - v3.6.2 - 04-04-2022 *\/\n.elementor-widget-image{text-align:center}.elementor-widget-image a{display:inline-block}.elementor-widget-image a img[src$=\".svg\"]{width:48px}.elementor-widget-image img{vertical-align:middle;display:inline-block}<\/style>\t\t\t\t\t\t\t\t\t\t\t\t<img width=\"602\" height=\"782\" src=\"https:\/\/novainclusion.com\/wp-content\/uploads\/2022\/04\/WhatsApp-Image-2022-04-23-at-5.33.02-PM-1.jpeg\" class=\"attachment-large size-large\" alt=\"\" loading=\"lazy\" srcset=\"https:\/\/novainclusion.com\/wp-content\/uploads\/2022\/04\/WhatsApp-Image-2022-04-23-at-5.33.02-PM-1.jpeg 602w, https:\/\/novainclusion.com\/wp-content\/uploads\/2022\/04\/WhatsApp-Image-2022-04-23-at-5.33.02-PM-1-231x300.jpeg 231w\" sizes=\"(max-width: 602px) 100vw, 602px\" \/>\t\t\t\t\t\t\t\t\t\t\t\t\t\t\t<\/div>\n\t\t\t\t<\/div>\n\t\t\t\t\t<\/div>\n\t\t<\/div>\n\t\t\t\t<div class=\"elementor-column elementor-col-50 elementor-top-column elementor-element elementor-element-c596fa9\" data-id=\"c596fa9\" data-element_type=\"column\">\n\t\t\t<div class=\"elementor-widget-wrap elementor-element-populated\">\n\t\t\t\t\t\t\t\t<section class=\"elementor-section elementor-inner-section elementor-element elementor-element-cbd3ed9 elementor-section-boxed elementor-section-height-default elementor-section-height-default\" data-id=\"cbd3ed9\" data-element_type=\"section\">\n\t\t\t\t\t\t<div class=\"elementor-container elementor-column-gap-default\">\n\t\t\t\t\t<div class=\"elementor-column elementor-col-50 elementor-inner-column elementor-element elementor-element-c21f202\" data-id=\"c21f202\" data-element_type=\"column\">\n\t\t\t<div class=\"elementor-widget-wrap elementor-element-populated\">\n\t\t\t\t\t\t\t\t<div class=\"elementor-element elementor-element-0a26091 elementor-widget elementor-widget-text-editor\" data-id=\"0a26091\" data-element_type=\"widget\" data-widget_type=\"text-editor.default\">\n\t\t\t\t<div class=\"elementor-widget-container\">\n\t\t\t<style>\/*! elementor - v3.6.2 - 04-04-2022 *\/\n.elementor-widget-text-editor.elementor-drop-cap-view-stacked .elementor-drop-cap{background-color:#818a91;color:#fff}.elementor-widget-text-editor.elementor-drop-cap-view-framed .elementor-drop-cap{color:#818a91;border:3px solid;background-color:transparent}.elementor-widget-text-editor:not(.elementor-drop-cap-view-default) .elementor-drop-cap{margin-top:8px}.elementor-widget-text-editor:not(.elementor-drop-cap-view-default) .elementor-drop-cap-letter{width:1em;height:1em}.elementor-widget-text-editor .elementor-drop-cap{float:left;text-align:center;line-height:1;font-size:50px}.elementor-widget-text-editor .elementor-drop-cap-letter{display:inline-block}<\/style>\t\t\t\t<p>Hemos caminado ya 27 a\u00f1os, haciendo de la inclusi\u00f3n educativa una posibilidad, una realidad y desde entonces nuestra direcci\u00f3n hemos dado pasos firmes, sembrando nuestras huellas con<br \/>mucho \u00e1nimo y perseverancia.<br \/>Lorena, Priscila y Miriam, j\u00f3venes ya graduadas de la Universidad del Azuay, decidimos recorrer<br \/>juntas aquella ruta que no era a\u00fan conocida en educaci\u00f3n, pues esta s\u00f3lo permit\u00eda una educaci\u00f3n, regular, entonces seguras de que no hay diferencia en el coraz\u00f3n de los peque\u00f1os, creamos NOVA, una escuela que abri\u00f3 sus puertas con 8 estudiantes cumpliendo todos los procesos legales una<br \/>escuela donde la formaci\u00f3n acad\u00e9mica se adapta a las necesidades y se diversifican las estrategias de ense\u00f1anza, pero la relaci\u00f3n entre ellos sin embargo no ten\u00eda limitaci\u00f3n.<\/p>\t\t\t\t\t\t<\/div>\n\t\t\t\t<\/div>\n\t\t\t\t\t<\/div>\n\t\t<\/div>\n\t\t\t\t<div class=\"elementor-column elementor-col-50 elementor-inner-column elementor-element elementor-element-fb6195e\" data-id=\"fb6195e\" data-element_type=\"column\">\n\t\t\t<div class=\"elementor-widget-wrap elementor-element-populated\">\n\t\t\t\t\t\t\t\t<div class=\"elementor-element elementor-element-e5275d2 elementor-widget elementor-widget-text-editor\" data-id=\"e5275d2\" data-element_type=\"widget\" data-widget_type=\"text-editor.default\">\n\t\t\t\t<div class=\"elementor-widget-container\">\n\t\t\t\t\t\t\t<p>Hemos formado desde 1996 una instituci\u00f3n que ha permitido un encuentro y formaci\u00f3n acad\u00e9mica permanente de m\u00e1s de 2000 ni\u00f1os y ni\u00f1as que han compartido un aula y una maestra, sin tener en cuenta su capacidad, ritmo o necesidad.<br \/>Hoy de vuelta a la escuela despu\u00e9s de un a\u00f1o y medio de educaci\u00f3n virtual, Nova sigue con mucho \u00e1nimo formando a grupos nuevos de estudiantes y trabajando con sus familias.<\/p>\t\t\t\t\t\t<\/div>\n\t\t\t\t<\/div>\n\t\t\t\t\t<\/div>\n\t\t<\/div>\n\t\t\t\t\t\t\t<\/div>\n\t\t<\/section>\n\t\t\t\t\t<\/div>\n\t\t<\/div>\n\t\t\t\t\t\t\t<\/div>\n\t\t<\/section>\n\t\t\t\t\t\t\t<\/div>\n\t\t","protected":false},"excerpt":{"rendered":"<p>Hemos caminado ya 27 a\u00f1os, haciendo de la inclusi\u00f3n educativa una posibilidad, una realidad y desde entonces nuestra direcci\u00f3n hemos dado pasos firmes, sembrando nuestras<a href=\"https:\/\/novainclusion.com\/index.php\/quienes-somos\/\" class=\"more-link\">View More<\/a><\/p>\n","protected":false},"author":1,"featured_media":0,"parent":0,"menu_order":0,"comment_status":"closed","ping_status":"closed","template":"","meta":[],"_links":{"self":[{"href":"https:\/\/novainclusion.com\/index.php\/wp-json\/wp\/v2\/pages\/51"}],"collection":[{"href":"https:\/\/novainclusion.com\/index.php\/wp-json\/wp\/v2\/pages"}],"about":[{"href":"https:\/\/novainclusion.com\/index.php\/wp-json\/wp\/v2\/types\/page"}],"author":[{"embeddable":true,"href":"https:\/\/novainclusion.com\/index.php\/wp-json\/wp\/v2\/users\/1"}],"replies":[{"embeddable":true,"href":"https:\/\/novainclusion.com\/index.php\/wp-json\/wp\/v2\/comments?post=51"}],"version-history":[{"count":13,"href":"https:\/\/novainclusion.com\/index.php\/wp-json\/wp\/v2\/pages\/51\/revisions"}],"predecessor-version":[{"id":253,"href":"https:\/\/novainclusion.com\/index.php\/wp-json\/wp\/v2\/pages\/51\/revisions\/253"}],"wp:attachment":[{"href":"https:\/\/novainclusion.com\/index.php\/wp-json\/wp\/v2\/media?parent=51"}],"curies":[{"name":"wp","href":"https:\/\/api.w.org\/{rel}","templated":true}]}}